{"id":987508363,"date":"2025-01-21T18:21:07","date_gmt":"2025-01-21T17:21:07","guid":{"rendered":"https:\/\/sitista.com\/it\/?post_type=product&#038;p=987508363"},"modified":"2025-05-21T01:03:40","modified_gmt":"2025-05-20T23:03:40","slug":"creazione-attributi-prodotto","status":"publish","type":"product","link":"https:\/\/sitista.com\/it\/prodotto\/creazione-attributi-prodotto\/","title":{"rendered":"Creazione attributi prodotto"},"content":{"rendered":"<p>Questo servizio incarica il nostro staff di creare attributi e relativi termini (max 10 per attributo) per prodotti variabili sul tuo sito ecommerce.<\/p>\n<blockquote><p>Gli attributi prodotto sono parte della tassonomia dei prodotti variabili. Essi indicano una caratteristica variabile del prodotto, esempio: nome attributo: Taglia. termini dell&#8217;attributo Taglia: XS, S, M, L, XL, XXL<\/p><\/blockquote>\n<p>&nbsp;<\/p>\n<p>il nome attributo e i nomi dei termini devono essere da te indicati in chat.<\/p>\n<p>Se necessitate di attributi con pi\u00f9 di 10 termini ( e fino a 20) dovrete acquistare 2 quantit\u00e0 di questo prodotto, oltre 20 (e fino a 30) 3 e cos\u00ec via.<\/p>\n<p>&nbsp;<\/p>\n","protected":false},"excerpt":{"rendered":"<p>il prezzo \u00e8 riferito a n.1 attributo con max 10 termini<\/p>\n","protected":false},"featured_media":987508653,"template":"","meta":{"_et_pb_use_builder":"","_et_pb_old_content":"","_et_gb_content_width":"","powered_cache_disable_cache":false},"product_brand":[],"product_cat":[27],"product_tag":[],"class_list":{"0":"post-987508363","1":"product","2":"type-product","3":"status-publish","4":"has-post-thumbnail","6":"product_cat-servizi","8":"first","9":"instock","10":"virtual","11":"purchasable","12":"product-type-simple"},"_links":{"self":[{"href":"https:\/\/sitista.com\/it\/wp-json\/wp\/v2\/product\/987508363","targetHints":{"allow":["GET"]}}],"collection":[{"href":"https:\/\/sitista.com\/it\/wp-json\/wp\/v2\/product"}],"about":[{"href":"https:\/\/sitista.com\/it\/wp-json\/wp\/v2\/types\/product"}],"wp:featuredmedia":[{"embeddable":true,"href":"https:\/\/sitista.com\/it\/wp-json\/wp\/v2\/media\/987508653"}],"wp:attachment":[{"href":"https:\/\/sitista.com\/it\/wp-json\/wp\/v2\/media?parent=987508363"}],"wp:term":[{"taxonomy":"product_brand","embeddable":true,"href":"https:\/\/sitista.com\/it\/wp-json\/wp\/v2\/product_brand?post=987508363"},{"taxonomy":"product_cat","embeddable":true,"href":"https:\/\/sitista.com\/it\/wp-json\/wp\/v2\/product_cat?post=987508363"},{"taxonomy":"product_tag","embeddable":true,"href":"https:\/\/sitista.com\/it\/wp-json\/wp\/v2\/product_tag?post=987508363"}],"curies":[{"name":"wp","href":"https:\/\/api.w.org\/{rel}","templated":true}]}}