{"id":987508381,"date":"2025-01-26T03:02:18","date_gmt":"2025-01-26T02:02:18","guid":{"rendered":"https:\/\/sitista.com\/it\/?post_type=product&#038;p=987508381"},"modified":"2025-05-21T00:32:33","modified_gmt":"2025-05-20T22:32:33","slug":"compliance-legale","status":"publish","type":"product","link":"https:\/\/sitista.com\/it\/prodotto\/compliance-legale\/","title":{"rendered":"Compliance legale"},"content":{"rendered":"<p>I servizi online di legal compliance sono sempre pi\u00f9 diffusi, la loro particolare utilit\u00e0 \u00e8 non solo quella di redigere la documentazione legale obbligatoria (principalmente privacy policy) a norma di legge ma anche quella di aggiornarla automaticamente in caso di variazioni sopravvenute nella normativa, garantendo al titolare del sito web &#8220;sonni tranquilli&#8221;.<\/p>\n<p>Siamo in grado di interconnettere il tuo sito con praticamente tutti i servizi online di legal compliance, sia per quanto riguarda il cookie banner, sia per l&#8217;informativa privacy che per i termini e condizioni.<\/p>\n<p>Tutto quel che devi fare \u00e8 acquistare questo servizio, venire in chat, spiegarci le tue esigenze, ti consiglieremo il miglior servizio online.<\/p>\n<p>A quel punto tu aprirai un account presso il servizio prescelto e noi procederemo a connetterlo al tuo sito.<\/p>\n<p>NB: questo \u00e8 il prezzo del nostro servizio di interconnessione e non copre l&#8217;eventuale costo del servizio di legal compliance richiesto da terzi.<\/p>\n","protected":false},"excerpt":{"rendered":"<p>servizi esterni di cookie banner, privacy, termini<\/p>\n","protected":false},"featured_media":987508652,"template":"","meta":{"_et_pb_use_builder":"","_et_pb_old_content":"","_et_gb_content_width":"","powered_cache_disable_cache":false},"product_brand":[],"product_cat":[27],"product_tag":[],"class_list":{"0":"post-987508381","1":"product","2":"type-product","3":"status-publish","4":"has-post-thumbnail","6":"product_cat-servizi","8":"first","9":"instock","10":"shipping-taxable","11":"purchasable","12":"product-type-simple"},"_links":{"self":[{"href":"https:\/\/sitista.com\/it\/wp-json\/wp\/v2\/product\/987508381","targetHints":{"allow":["GET"]}}],"collection":[{"href":"https:\/\/sitista.com\/it\/wp-json\/wp\/v2\/product"}],"about":[{"href":"https:\/\/sitista.com\/it\/wp-json\/wp\/v2\/types\/product"}],"wp:featuredmedia":[{"embeddable":true,"href":"https:\/\/sitista.com\/it\/wp-json\/wp\/v2\/media\/987508652"}],"wp:attachment":[{"href":"https:\/\/sitista.com\/it\/wp-json\/wp\/v2\/media?parent=987508381"}],"wp:term":[{"taxonomy":"product_brand","embeddable":true,"href":"https:\/\/sitista.com\/it\/wp-json\/wp\/v2\/product_brand?post=987508381"},{"taxonomy":"product_cat","embeddable":true,"href":"https:\/\/sitista.com\/it\/wp-json\/wp\/v2\/product_cat?post=987508381"},{"taxonomy":"product_tag","embeddable":true,"href":"https:\/\/sitista.com\/it\/wp-json\/wp\/v2\/product_tag?post=987508381"}],"curies":[{"name":"wp","href":"https:\/\/api.w.org\/{rel}","templated":true}]}}